{"id":726,"date":"2014-11-20T19:30:22","date_gmt":"2014-11-20T17:30:22","guid":{"rendered":"http:\/\/www.konstanze-eickhorst.de\/?page_id=726"},"modified":"2024-12-29T20:44:59","modified_gmt":"2024-12-29T19:44:59","slug":"from-the-studio","status":"publish","type":"page","link":"https:\/\/www.konstanze-eickhorst.de\/en\/from-the-studio\/","title":{"rendered":"From the Studio"},"content":{"rendered":"<p>&nbsp;<\/p>\n<h2>What the critics say<\/h2>\n<p><a href=\"https:\/\/www.konstanze-eickhorst.de\/wp-content\/uploads\/2023\/08\/5555382_cover_www.jpg\"><img decoding=\"async\" class=\"lazyload alignnone size-thumbnail wp-image-2631\" src=\"https:\/\/www.konstanze-eickhorst.de\/wp-content\/uploads\/2023\/08\/5555382_cover_www-150x150.jpg\" data-orig-src=\"https:\/\/www.konstanze-eickhorst.de\/wp-content\/uploads\/2023\/08\/5555382_cover_www-150x150.jpg\" alt=\"Cover cpo 555 538-2\" width=\"150\" height=\"150\" srcset=\"data:image\/svg+xml,%3Csvg%20xmlns%3D%27http%3A%2F%2Fwww.w3.org%2F2000%2Fsvg%27%20width%3D%27150%27%20height%3D%27150%27%20viewBox%3D%270%200%20150%20150%27%3E%3Crect%20width%3D%27150%27%20height%3D%27150%27%20fill-opacity%3D%220%22%2F%3E%3C%2Fsvg%3E\" data-srcset=\"https:\/\/www.konstanze-eickhorst.de\/wp-content\/uploads\/2023\/08\/5555382_cover_www-66x66.jpg 66w, https:\/\/www.konstanze-eickhorst.de\/wp-content\/uploads\/2023\/08\/5555382_cover_www-150x150.jpg 150w, https:\/\/www.konstanze-eickhorst.de\/wp-content\/uploads\/2023\/08\/5555382_cover_www-200x199.jpg 200w, https:\/\/www.konstanze-eickhorst.de\/wp-content\/uploads\/2023\/08\/5555382_cover_www-300x298.jpg 300w, https:\/\/www.konstanze-eickhorst.de\/wp-content\/uploads\/2023\/08\/5555382_cover_www.jpg 400w\" data-sizes=\"auto\" data-orig-sizes=\"(max-width: 150px) 100vw, 150px\" \/><\/a><\/p>\n<p>\u201c&#8230; Throughout these performances, Konstanze Eickhorst revels in the brilliance of Farrenc\u2019s pianism, overcoming the technical challenges of the outer movements of op.34 with panache; but she never overshadows her colleagues, ensuring the string lines come through the textures.\u201d <strong>THE STRAD, November 2023<\/strong><\/p>\n<p>\u201cHere, the assured lead by pianist Konstanze Eickhorst, propels the music forward and the ensemble as a whole capture, project and shed light on even the minor details of the score.\u201d <strong>Classical Music Sentinel (Canada), October 2023<br \/>\n<\/strong><\/p>\n<p>\u201c&#8230; In short: down-to-earth classical music with a confident signature, excellently recognized and interpreted by the Linos Ensemble.\u201d <b>Musik &amp; Theater, January\/February 2024<\/b><\/p>\n<p>\u201c&#8230; het Linos Ensemble bewijst hiermee opnieuw dat het Farrencs kamermuziek in het muzikale hart heeft gesloten.\u201d <strong>www.opusklassiek.nl, 19<\/strong><strong>. October 2023<\/strong><\/p>\n<p>\u201cThe Linos Ensemble\u2019s interpretations are chamber-musical in the best sense, balanced in partnership and infused with musicianship. Vital passages are just as pleasing as the lyrical moments. At the piano, Konstanze Eickhorst is a consistently fine performer.\u201d <strong>pizzicato, 5. August 2023<\/strong><\/p>\n<p>&nbsp;<\/p>\n<p><a href=\"https:\/\/www.konstanze-eickhorst.de\/wp-content\/uploads\/2021\/10\/cpo555_363-2_Cover_www.jpg\"><img decoding=\"async\" class=\"lazyload alignnone size-thumbnail wp-image-2444\" src=\"https:\/\/www.konstanze-eickhorst.de\/wp-content\/uploads\/2021\/10\/cpo555_363-2_Cover_www-150x150.jpg\" data-orig-src=\"https:\/\/www.konstanze-eickhorst.de\/wp-content\/uploads\/2021\/10\/cpo555_363-2_Cover_www-150x150.jpg\" alt=\"\" width=\"150\" height=\"150\" srcset=\"data:image\/svg+xml,%3Csvg%20xmlns%3D%27http%3A%2F%2Fwww.w3.org%2F2000%2Fsvg%27%20width%3D%27150%27%20height%3D%27150%27%20viewBox%3D%270%200%20150%20150%27%3E%3Crect%20width%3D%27150%27%20height%3D%27150%27%20fill-opacity%3D%220%22%2F%3E%3C%2Fsvg%3E\" data-srcset=\"https:\/\/www.konstanze-eickhorst.de\/wp-content\/uploads\/2021\/10\/cpo555_363-2_Cover_www-66x66.jpg 66w, https:\/\/www.konstanze-eickhorst.de\/wp-content\/uploads\/2021\/10\/cpo555_363-2_Cover_www-150x150.jpg 150w, https:\/\/www.konstanze-eickhorst.de\/wp-content\/uploads\/2021\/10\/cpo555_363-2_Cover_www-200x198.jpg 200w, https:\/\/www.konstanze-eickhorst.de\/wp-content\/uploads\/2021\/10\/cpo555_363-2_Cover_www-300x297.jpg 300w, https:\/\/www.konstanze-eickhorst.de\/wp-content\/uploads\/2021\/10\/cpo555_363-2_Cover_www-400x396.jpg 400w, https:\/\/www.konstanze-eickhorst.de\/wp-content\/uploads\/2021\/10\/cpo555_363-2_Cover_www-600x594.jpg 600w, https:\/\/www.konstanze-eickhorst.de\/wp-content\/uploads\/2021\/10\/cpo555_363-2_Cover_www.jpg 800w\" data-sizes=\"auto\" data-orig-sizes=\"(max-width: 150px) 100vw, 150px\" \/><\/a><\/p>\n<p>\u00bb &#8230; I have nothing but admiration for the Linos Ensemble in their expressive warmth and ease of delivery in the entirety of this truly grand composition. &#8230; While the piano has plenty to do, it is once again Bertini\u2019s restraint in its use that stands out, considering his pedigree as a performer. &#8230;\u00ab <strong><a href=\"http:\/\/www.musicweb-international.com\/classrev\/2021\/Dec\/Bertini-nonetto-5553632.htm\" target=\"_blank\" rel=\"noopener\">MusicWeb International<\/a>, 12\/2021<\/strong><\/p>\n<p>\u00bbDas gefeierte Linos Ensemble hat soeben den franz\u00f6sischen Komponisten Henri Bertini wieder zum Leben erweckt und aus der unverdienten Vergessenheit geholt. Auf seinem neuen, wundersch\u00f6nen Album (Label cpo) feiert es die franz\u00f6sische Romantik mit zwei erstmals aufgenommenen Rarit\u00e4ten. &#8230;\u00ab <strong><a href=\"https:\/\/www.mundoclasico.com\/articulo\/36041\/Redescubriendo-a-Henri-Bertini\" target=\"_blank\" rel=\"noopener\">Mundoclasico.com<\/a>, 25. November 2021<\/strong><\/p>\n<p>&nbsp;<\/p>\n<p><a href=\"https:\/\/www.konstanze-eickhorst.de\/wp-content\/uploads\/2020\/07\/GENUIN_20682_Cover_withFrame.jpg\"><img decoding=\"async\" class=\"lazyload alignnone size-thumbnail wp-image-2262\" src=\"https:\/\/www.konstanze-eickhorst.de\/wp-content\/uploads\/2020\/07\/GENUIN_20682_Cover_withFrame-150x150.jpg\" data-orig-src=\"https:\/\/www.konstanze-eickhorst.de\/wp-content\/uploads\/2020\/07\/GENUIN_20682_Cover_withFrame-150x150.jpg\" alt=\"\" width=\"150\" height=\"150\" srcset=\"data:image\/svg+xml,%3Csvg%20xmlns%3D%27http%3A%2F%2Fwww.w3.org%2F2000%2Fsvg%27%20width%3D%27150%27%20height%3D%27150%27%20viewBox%3D%270%200%20150%20150%27%3E%3Crect%20width%3D%27150%27%20height%3D%27150%27%20fill-opacity%3D%220%22%2F%3E%3C%2Fsvg%3E\" data-srcset=\"https:\/\/www.konstanze-eickhorst.de\/wp-content\/uploads\/2020\/07\/GENUIN_20682_Cover_withFrame-66x66.jpg 66w, https:\/\/www.konstanze-eickhorst.de\/wp-content\/uploads\/2020\/07\/GENUIN_20682_Cover_withFrame-150x150.jpg 150w, https:\/\/www.konstanze-eickhorst.de\/wp-content\/uploads\/2020\/07\/GENUIN_20682_Cover_withFrame-200x200.jpg 200w, https:\/\/www.konstanze-eickhorst.de\/wp-content\/uploads\/2020\/07\/GENUIN_20682_Cover_withFrame-300x300.jpg 300w, https:\/\/www.konstanze-eickhorst.de\/wp-content\/uploads\/2020\/07\/GENUIN_20682_Cover_withFrame-400x400.jpg 400w, https:\/\/www.konstanze-eickhorst.de\/wp-content\/uploads\/2020\/07\/GENUIN_20682_Cover_withFrame-600x600.jpg 600w, https:\/\/www.konstanze-eickhorst.de\/wp-content\/uploads\/2020\/07\/GENUIN_20682_Cover_withFrame-768x768.jpg 768w, https:\/\/www.konstanze-eickhorst.de\/wp-content\/uploads\/2020\/07\/GENUIN_20682_Cover_withFrame-800x800.jpg 800w, https:\/\/www.konstanze-eickhorst.de\/wp-content\/uploads\/2020\/07\/GENUIN_20682_Cover_withFrame.jpg 945w\" data-sizes=\"auto\" data-orig-sizes=\"(max-width: 150px) 100vw, 150px\" \/><\/a><\/p>\n<p>\u00bbEverything is marked by highly clear and yet pliable articulation which breathes life into the music. A rejuvenating outlook on Bach&#8217;s music and a pleasure to hear.\u00ab <strong>Classical Music Sentinel by Jean-Yves Duperron, March 2020<\/strong><\/p>\n<p>\u00bbHer feeling for timbres and poetry, as well as her art of revealing contrapuntal developments, are impressive.\u00ab <strong>Pizzicato\/Norbert Tischer, 20.4.2020<\/strong><\/p>\n<p>\u00bbAl met al fraai gerealiseerd en bovendien uitstekend opgenomen!\u00ab <strong>opusklassiek by Aart van der Wal, April 2020<\/strong><\/p>\n<p>&nbsp;<\/p>\n<div id=\"attachment_1201\" style=\"width: 160px\" class=\"wp-caption alignnone\"><a href=\"https:\/\/www.konstanze-eickhorst.de\/en\/diskographie\/die-neuheit-franz-schmidt\/\" target=\"_blank\" rel=\"noopener noreferrer\"><img decoding=\"async\" aria-describedby=\"caption-attachment-1201\" class=\"lazyload wp-image-1201 size-thumbnail\" src=\"https:\/\/www.konstanze-eickhorst.de\/wp-content\/uploads\/2016\/09\/cd-cpo-555026-2-150x150.jpg\" data-orig-src=\"https:\/\/www.konstanze-eickhorst.de\/wp-content\/uploads\/2016\/09\/cd-cpo-555026-2-150x150.jpg\" alt=\"\" width=\"150\" height=\"150\" srcset=\"data:image\/svg+xml,%3Csvg%20xmlns%3D%27http%3A%2F%2Fwww.w3.org%2F2000%2Fsvg%27%20width%3D%27150%27%20height%3D%27150%27%20viewBox%3D%270%200%20150%20150%27%3E%3Crect%20width%3D%27150%27%20height%3D%27150%27%20fill-opacity%3D%220%22%2F%3E%3C%2Fsvg%3E\" data-srcset=\"https:\/\/www.konstanze-eickhorst.de\/wp-content\/uploads\/2016\/09\/cd-cpo-555026-2-66x66.jpg 66w, https:\/\/www.konstanze-eickhorst.de\/wp-content\/uploads\/2016\/09\/cd-cpo-555026-2-150x150.jpg 150w, https:\/\/www.konstanze-eickhorst.de\/wp-content\/uploads\/2016\/09\/cd-cpo-555026-2-200x200.jpg 200w, https:\/\/www.konstanze-eickhorst.de\/wp-content\/uploads\/2016\/09\/cd-cpo-555026-2.jpg 300w\" data-sizes=\"auto\" data-orig-sizes=\"(max-width: 150px) 100vw, 150px\" \/><\/a><p id=\"caption-attachment-1201\" class=\"wp-caption-text\">(for details please click on cover)<\/p><\/div>\n<p>With a superlative performance and excellent recording set in a perfect acoustic, this is an unexpected and rather delicious discovery which will keep its freshness and beckon with vibrant cheer each time your eyes sweep across those well-stocked CD shelves. <strong>Music Web, January 2017<\/strong><\/p>\n<p>&nbsp;<\/p>\n<p><a href=\"https:\/\/www.konstanze-eickhorst.de\/en\/diskographie\/new-release\/\" target=\"_blank\" rel=\"noopener noreferrer\"><img decoding=\"async\" class=\"lazyload wp-image-761 size-thumbnail alignnone\" src=\"https:\/\/www.konstanze-eickhorst.de\/wp-content\/uploads\/2014\/09\/cd_kalkbrenner-150x150.jpg\" data-orig-src=\"https:\/\/www.konstanze-eickhorst.de\/wp-content\/uploads\/2014\/09\/cd_kalkbrenner-150x150.jpg\" alt=\"\" width=\"150\" height=\"150\" srcset=\"data:image\/svg+xml,%3Csvg%20xmlns%3D%27http%3A%2F%2Fwww.w3.org%2F2000%2Fsvg%27%20width%3D%27150%27%20height%3D%27150%27%20viewBox%3D%270%200%20150%20150%27%3E%3Crect%20width%3D%27150%27%20height%3D%27150%27%20fill-opacity%3D%220%22%2F%3E%3C%2Fsvg%3E\" data-srcset=\"https:\/\/www.konstanze-eickhorst.de\/wp-content\/uploads\/2014\/09\/cd_kalkbrenner-66x66.jpg 66w, https:\/\/www.konstanze-eickhorst.de\/wp-content\/uploads\/2014\/09\/cd_kalkbrenner-150x150.jpg 150w, https:\/\/www.konstanze-eickhorst.de\/wp-content\/uploads\/2014\/09\/cd_kalkbrenner.jpg 300w\" data-sizes=\"auto\" data-orig-sizes=\"(max-width: 150px) 100vw, 150px\" \/><\/a><\/p>\n<p>&#8220;The Linos Ensemble plays the Sextet in G major op. 58 and the Septet op. 132 in A major with the splendidly extrovert Konstanze Eickhorst on the piano. Both works are covert piano concertos on the scale of chamber music. Konstanze Eickhorst&#8217;s playing is both brilliant and full of twinkling humour.&#8221; <strong>FONO FORUM, January 2015<\/strong><\/p>\n<p>&nbsp;<\/p>\n<p><a href=\"https:\/\/www.konstanze-eickhorst.de\/wp-content\/uploads\/2014\/09\/13289-cover-e1411117973642.jpg\"><img decoding=\"async\" class=\"lazyload alignnone size-thumbnail wp-image-755\" src=\"data:image\/svg+xml,%3Csvg%20xmlns%3D%27http%3A%2F%2Fwww.w3.org%2F2000%2Fsvg%27%20width%3D%27150%27%20height%3D%27150%27%20viewBox%3D%270%200%20150%20150%27%3E%3Crect%20width%3D%27150%27%20height%3D%27150%27%20fill-opacity%3D%220%22%2F%3E%3C%2Fsvg%3E\" data-orig-src=\"https:\/\/www.konstanze-eickhorst.de\/wp-content\/uploads\/2014\/09\/13289-cover-150x150.jpg\" alt=\"\" width=\"150\" height=\"150\" \/><\/a><\/p>\n<p>&#8220;Each and every time I&#8217;ve come back to these recordings over the past few weeks, I&#8217;ve found new things to listen for, new aspects of the music which I had not always heard. Through and through there is a sense of rightness with this recording\u2014it is a quality that is difficult to put into words, but one that one feels when listening to these performances. Though this is my very first exposure to Eickhorst&#8217;s art, it will most certainly not be my last.&#8221; <strong>Scott Norriega, Fanfare, 7\/8 2013<\/strong><\/p>\n<p>&nbsp;<\/p>\n<p><a href=\"https:\/\/www.konstanze-eickhorst.de\/en\/diskographie\/mozart-in-minor\/\" target=\"_blank\" rel=\"noopener noreferrer\"><img decoding=\"async\" class=\"lazyload wp-image-758 size-thumbnail alignnone\" src=\"data:image\/svg+xml,%3Csvg%20xmlns%3D%27http%3A%2F%2Fwww.w3.org%2F2000%2Fsvg%27%20width%3D%27150%27%20height%3D%27150%27%20viewBox%3D%270%200%20150%20150%27%3E%3Crect%20width%3D%27150%27%20height%3D%27150%27%20fill-opacity%3D%220%22%2F%3E%3C%2Fsvg%3E\" data-orig-src=\"https:\/\/www.konstanze-eickhorst.de\/wp-content\/uploads\/2014\/09\/cd_mozart-150x150.jpg\" alt=\"\" width=\"150\" height=\"150\" \/><\/a><\/p>\n<p>&#8220;Derri\u00e8re le titre Mozart en mineur se cache, au fil d&#8217;un programme de piano seul ing\u00e9nieux plus de sens qu&#8217;il n&#8217;y para\u00eet au premier abord, et l&#8217;occasion d&#8217;une r\u00e9flexion sur le g\u00e9nie propre de Mozart dans la r\u00e9v\u00e9lation d&#8217;une intimit\u00e9 qui aurait d\u00fb, selon les codes de la biens\u00e9ance, \u00e9chapper \u00e0 toute exposition publique.&#8221; <strong>Classique-Info-disc.com, September 2012<br \/>\n<\/strong><\/p>\n<p>&nbsp;<\/p>\n<p><a href=\"https:\/\/www.konstanze-eickhorst.de\/en\/diskographie\/louise-farrenc-2\/\" target=\"_blank\" rel=\"noopener noreferrer\"><img decoding=\"async\" class=\"lazyload wp-image-785 size-thumbnail alignnone\" src=\"data:image\/svg+xml,%3Csvg%20xmlns%3D%27http%3A%2F%2Fwww.w3.org%2F2000%2Fsvg%27%20width%3D%27150%27%20height%3D%27150%27%20viewBox%3D%270%200%20150%20150%27%3E%3Crect%20width%3D%27150%27%20height%3D%27150%27%20fill-opacity%3D%220%22%2F%3E%3C%2Fsvg%3E\" data-orig-src=\"https:\/\/www.konstanze-eickhorst.de\/wp-content\/uploads\/2014\/09\/cd_farrenc2-150x150.jpg\" alt=\"\" width=\"150\" height=\"150\" \/><\/a><\/p>\n<p>&#8220;&#8230; it would be invidious to single out any one player yet I do feel that pianist Konstanze Eickhorst needs more than a mention in dispatches. She carries the main weight of the argument and is both a very sensitive accompanist and a strong and domineering soloist when required. She has a magical tone in the more dreamy sections, beautifully captured by the CPO engineers and the whole group plays as if this is some of the greatest music ever penned.&#8221; <strong>MusicWeb, Dezember 2009<\/strong><\/p>\n<p>&#8220;Once again Konstanze Eickhorst is at the keyboard. In the players of the Linos Ensemble she has found a degree of commitment equal to her own. The sound they produce is both full-bodied and brilliant, their phrasing is eloquent, and the recording has a convincing dynamic impetus and balance.&#8221; <strong>Frankfurter Allgemeine Zeitung, 9 May 2009 <\/strong><\/p>\n<p>&#8220;The Linos Ensemble now has another outstanding recording to its credit.&#8221; <strong>www.klassik.com, May 2009<br \/>\n<\/strong><\/p>\n<p>&nbsp;<\/p>\n<p><a href=\"https:\/\/www.konstanze-eickhorst.de\/en\/diskographie\/francis-poulenc-jean-francaix-2\/\" target=\"_blank\" rel=\"noopener noreferrer\"><img decoding=\"async\" class=\"lazyload wp-image-809 size-thumbnail alignnone\" src=\"data:image\/svg+xml,%3Csvg%20xmlns%3D%27http%3A%2F%2Fwww.w3.org%2F2000%2Fsvg%27%20width%3D%27150%27%20height%3D%27150%27%20viewBox%3D%270%200%20150%20150%27%3E%3Crect%20width%3D%27150%27%20height%3D%27150%27%20fill-opacity%3D%220%22%2F%3E%3C%2Fsvg%3E\" data-orig-src=\"https:\/\/www.konstanze-eickhorst.de\/wp-content\/uploads\/2014\/09\/cover_poulenc_francaix-150x150.jpg\" alt=\"\" width=\"150\" height=\"150\" \/><\/a><\/p>\n<p>&#8220;L&#8217;excellent Ensemble Linos l\u00e8ve le voile sur deux pi\u00e8ces r\u00e9v\u00e9latrices de Francis Poulenc, dont l&#8217;atmosph\u00e8re par moments nostalgique et sombre apporte un contraste avec les m\u00e9lodies charmantes et les traits volubiles et presque clownesques qui peuplent les mouvements rapides. &#8230; Tous les instruments se donnent la r\u00e9plique \u00e0 l&#8217;aide d&#8217;une panoplie de th\u00e8mes nostalgiques et de trucages sonores particuli\u00e8rement r\u00e9ussis. Un tour de force d&#8217;\u00e9quilibre que le Linos Ensemble signe avec brio.&#8221; <strong>pizzicato, 10\/2007<\/strong><\/p>\n<p>&nbsp;<\/p>\n<p><a href=\"https:\/\/www.konstanze-eickhorst.de\/en\/diskographie\/ferdinand-ries\/\" target=\"_blank\" rel=\"noopener noreferrer\"><img decoding=\"async\" class=\"lazyload wp-image-832 size-thumbnail alignnone\" src=\"data:image\/svg+xml,%3Csvg%20xmlns%3D%27http%3A%2F%2Fwww.w3.org%2F2000%2Fsvg%27%20width%3D%27150%27%20height%3D%27150%27%20viewBox%3D%270%200%20150%20150%27%3E%3Crect%20width%3D%27150%27%20height%3D%27150%27%20fill-opacity%3D%220%22%2F%3E%3C%2Fsvg%3E\" data-orig-src=\"https:\/\/www.konstanze-eickhorst.de\/wp-content\/uploads\/2014\/09\/cd_ries-150x150.jpg\" alt=\"\" width=\"150\" height=\"150\" \/><\/a><\/p>\n<p>&#8220;Konstanze Eickhorst making the most of her concerto-style opportunities to shine in Ries&#8217;s intricate and genial piano parts. Warmly recommended.&#8221; <strong>International Record Review, 10\/2005<br \/>\n<\/strong><\/p>\n<p>&#8220;With its flamboyant-heroic piano part and the enemble of violin, viola, cello, double bass, clarinet, horn and bassoon playing an orchestral role, this work is a genuine solo concerto; its opening recalling Beethoven&#8217;s Emporer concerto. The Linos-Ensemble play with polish and plenty of dynamic contrast.&#8221; <strong>Sunday Times, 21\/8\/2005<br \/>\n<\/strong><\/p>\n<p>&nbsp;<\/p>\n<p><a href=\"https:\/\/www.konstanze-eickhorst.de\/en\/diskographie\/louise-farrenc-3\/\" target=\"_blank\" rel=\"noopener noreferrer\"><img decoding=\"async\" class=\"lazyload wp-image-780 size-thumbnail alignnone\" src=\"data:image\/svg+xml,%3Csvg%20xmlns%3D%27http%3A%2F%2Fwww.w3.org%2F2000%2Fsvg%27%20width%3D%27150%27%20height%3D%27150%27%20viewBox%3D%270%200%20150%20150%27%3E%3Crect%20width%3D%27150%27%20height%3D%27150%27%20fill-opacity%3D%220%22%2F%3E%3C%2Fsvg%3E\" data-orig-src=\"https:\/\/www.konstanze-eickhorst.de\/wp-content\/uploads\/2014\/09\/cd_farrenc-150x150.jpg\" alt=\"\" width=\"150\" height=\"150\" \/><\/a><\/p>\n<p>&#8220;Konstanze Eickhorst is a wonderful guide through these variations. Rather than wow us with brilliant technical displays, she uses an ample tonal palette to illuminate the realtionship of each to the theme. &#8230; Eickhorst plays these sensitively, using rubato that seems to develop naturally &#8211; it&#8217;s never intrusive: on the contrary, it helps to focus the ear on what is essential in the music. Eickhorst is a very effective champion of these pieces &#8230;&#8221; <strong>American Record Guide, May\/June 2004<br \/>\n<\/strong><\/p>\n<p>&#8220;A ces oeuvres, il fallait une interpr\u00e8te qui, elle aussi, r\u00e9unirait le brillant de la virtuosit\u00e9 et le raffinement d&#8217;une musicalit\u00e9 \u00e9prouv\u00e9e. A cet \u00e9gard, Louise Farrenc ne pouvait \u00eatre mieux servie que par la pianiste Konstanze Eickhorst.&#8221; <strong>Le Monde de la Musique, 4\/2004<br \/>\n<\/strong><\/p>\n<p>&#8220;Konstanze Eickhorst obviously believes in this music, and plays it as such.&#8221; <strong>International Record Review, 4\/2004<br \/>\n<\/strong><\/p>\n<p>&#8220;Konstanze Eickhorst, a Clara Haskil Competition winner who has previously recorded Farrenc&#8217;s piano quintets and also Clara Schumann piano music for CPO, has dear sympathy with the material and takes it sometimes considerable technical challenges in her stride. &#8230; her eloquent and sensitive shaping of Farrenc&#8217;s beautiful Op. 49 Nocturne redeems any excess of enthusiasm elsewhere.&#8221; <strong>BBC Music Magazine 4\/2004<br \/>\n<\/strong><\/p>\n<p>&#8220;Konstanze Eickhorst poursuit son exploration de l&#8217;oeuvre de la compositrice &#8211; on se souvient des beaux Quintettes avec piano et contrebasse. Elle ma\u00eetrise parfaitement la technique de ce r\u00e9pertoire eigeant; son jeu est virtuose, brillant, expressif, mais sans ostentation.&#8221; <strong>Diapason, 3\/2004<br \/>\n<\/strong><\/p>\n<p>&nbsp;<\/p>\n<p><a href=\"https:\/\/www.konstanze-eickhorst.de\/en\/diskographie\/carl-reinecke\/\" target=\"_blank\" rel=\"noopener noreferrer\"><img decoding=\"async\" class=\"lazyload wp-image-833 size-thumbnail alignnone\" src=\"data:image\/svg+xml,%3Csvg%20xmlns%3D%27http%3A%2F%2Fwww.w3.org%2F2000%2Fsvg%27%20width%3D%27150%27%20height%3D%27150%27%20viewBox%3D%270%200%20150%20150%27%3E%3Crect%20width%3D%27150%27%20height%3D%27150%27%20fill-opacity%3D%220%22%2F%3E%3C%2Fsvg%3E\" data-orig-src=\"https:\/\/www.konstanze-eickhorst.de\/wp-content\/uploads\/2014\/09\/cd_reinecke-150x150.jpg\" alt=\"\" width=\"150\" height=\"150\" \/><\/a><\/p>\n<p>&#8220;The Piano quintet owes more to Reinecke&#8217;s other great Leipzig exemplar, Schumann, and is harmonically wider ranging. &#8230; His excellence as a pianist was widely attested (he even made some piano rolls in old age), and one can believe this from the nature of the writing, to which Konstanze Eickhorst rises with infectious enthusiasm. &#8230;&#8221; <strong>Gramophone, 6\/2002<br \/>\n<\/strong><\/p>\n<p>&#8220;The Piano Quintet \u2013 an acknowledged masterpiece among Reinecke aficionados \u2013 goes a step further, its mysterious, tonally ambiguous opening showing that the lessons of Wagner and even of early Schoenberg had been fully assimilated. The Linos ensemble gives this fine music all the care it deserves in ist passionate, clean performances.&#8221; <strong>BBC Music Magazine, 7\/2002<br \/>\n<\/strong><\/p>\n<p>&#8220;L&#8217;Ensemble Linos les joue avec la verve et le brio n\u00e9cessaires, piano volubile et cordes g\u00e9n\u00e9reuses, parvenant m\u00eame \u00e0 leur conf\u00e9rer par moments des \u00e9lans schumanniens &#8230;&#8221; <strong>Diapason, 6\/2002<br \/>\n<\/strong><\/p>\n<p>&#8220;Las versiones del Linos-Ensemble, son, por lo general, muy elocuentes y equilibradas, con un sentido del fraseo y una cohesi\u00f3n admirables, y hacen que este \u00e1lbum un excelente punto de partida para conocer la producci\u00f3n camer\u00edstica de un compositor a tener en mayor consideraci\u00f3n y aprecio.&#8221; <strong>CD Compact, 7-8\/2002<br \/>\n<\/strong><\/p>\n<p>&nbsp;<\/p>\n<p><a href=\"https:\/\/www.konstanze-eickhorst.de\/en\/diskographie\/alexander-ernst-fesca-2\/\" target=\"_blank\" rel=\"noopener noreferrer\"><img decoding=\"async\" class=\"lazyload wp-image-808 size-thumbnail alignnone\" src=\"data:image\/svg+xml,%3Csvg%20xmlns%3D%27http%3A%2F%2Fwww.w3.org%2F2000%2Fsvg%27%20width%3D%27150%27%20height%3D%27150%27%20viewBox%3D%270%200%20150%20150%27%3E%3Crect%20width%3D%27150%27%20height%3D%27150%27%20fill-opacity%3D%220%22%2F%3E%3C%2Fsvg%3E\" data-orig-src=\"https:\/\/www.konstanze-eickhorst.de\/wp-content\/uploads\/2014\/09\/cd_fesca-150x150.jpg\" alt=\"\" width=\"150\" height=\"150\" \/><\/a><\/p>\n<p>&#8221; &#8230; On this excellently produced CPO recording the Linos Ensemble does its utmost to represent these works as music deserving to be heard. &#8230; Being a virtuoso pianist himself, Fesca produced pieces that are in effect piano concertos in miniature, so there&#8217;s plenty of showy passagework &#8230;&#8221; <strong>Classics Today, 11\/2001<br \/>\n<\/strong><\/p>\n<p>&#8221; &#8230; Almost entirely unrepresented on disc, it&#8217;s helpful to have some examples of Fesca&#8217;s music available, and these capable accounts of his two Septets from the Linos Ensemble make out an unexpectedly strong case for these neglected works. &#8230;&#8221; <strong>BBC Music Magazine, 1\/2002<br \/>\n<\/strong><\/p>\n<p>&#8221; &#8230; The music itself is a delight \u2013 constantly inventive, melodically generous, rhythmically alert, good-natured and outward-going, full of feeling nonetheless. &#8230; I am delighted to have discovered them, particularly since the Linos Ensemble give them such sparkling performances.&#8221; <strong>Fanfare, 5-6\/2002<br \/>\n<\/strong><\/p>\n","protected":false},"excerpt":{"rendered":"<p>&nbsp; What the critics say \u201c&#8230; Throughout these performances, Konstanze Eickhorst revels in the brilliance of Farrenc\u2019s pianism, overcoming the technical challenges of the outer movements of op.34 with panache; but she never overshadows her colleagues, ensuring the string lines come through the textures.\u201d THE STRAD, November 2023 \u201cHere, the assured lead by pianist Konstanze  [&#8230;]<\/p>\n","protected":false},"author":2,"featured_media":0,"parent":0,"menu_order":0,"comment_status":"open","ping_status":"open","template":"","meta":{"footnotes":""},"class_list":["post-726","page","type-page","status-publish","hentry"],"_links":{"self":[{"href":"https:\/\/www.konstanze-eickhorst.de\/en\/wp-json\/wp\/v2\/pages\/726","targetHints":{"allow":["GET"]}}],"collection":[{"href":"https:\/\/www.konstanze-eickhorst.de\/en\/wp-json\/wp\/v2\/pages"}],"about":[{"href":"https:\/\/www.konstanze-eickhorst.de\/en\/wp-json\/wp\/v2\/types\/page"}],"author":[{"embeddable":true,"href":"https:\/\/www.konstanze-eickhorst.de\/en\/wp-json\/wp\/v2\/users\/2"}],"replies":[{"embeddable":true,"href":"https:\/\/www.konstanze-eickhorst.de\/en\/wp-json\/wp\/v2\/comments?post=726"}],"version-history":[{"count":0,"href":"https:\/\/www.konstanze-eickhorst.de\/en\/wp-json\/wp\/v2\/pages\/726\/revisions"}],"wp:attachment":[{"href":"https:\/\/www.konstanze-eickhorst.de\/en\/wp-json\/wp\/v2\/media?parent=726"}],"curies":[{"name":"wp","href":"https:\/\/api.w.org\/{rel}","templated":true}]}}